{"id":35,"date":"2022-06-22T01:00:58","date_gmt":"2022-06-22T05:00:58","guid":{"rendered":"http:\/\/esparza.wpengine.com\/?page_id=35"},"modified":"2026-03-13T21:23:16","modified_gmt":"2026-03-14T01:23:16","slug":"contacto","status":"publish","type":"page","link":"https:\/\/esparzadentistry.com\/es\/contact-us\/","title":{"rendered":"Contacte con nosotros"},"content":{"rendered":"<section class=\"section dark\" id=\"section_818548489\">\n\t\t<div class=\"bg section-bg fill bg-fill\" >\n\n\t\t\t\n\t\t\t<div class=\"section-bg-overlay absolute fill\"><\/div>\n\t\t\t\n\n\t\t<\/div>\n\n\t\t\n\n\t\t<div class=\"section-content relative\">\n\t\t\t\n<div class=\"row\"  id=\"row-172791704\">\n\n\t<div id=\"col-440271430\" class=\"col small-12 large-12\"  >\n\t\t\t\t<div class=\"col-inner text-center\"  >\n\t\t\t\n\t\t\t\n\t<div id=\"text-1087678006\" class=\"text\">\n\t\t\n<h2 style=\"font-size: 150%;\">Concertar una miniconsulta gratuita sobre implantes<\/h2>\n<p>P\u00f3ngase en contacto con Esparza Dentistry hoy y perm\u00edtanos darle la bienvenida a nuestra familia.<br \/>\n\t\t\n<style>\n#text-1087678006 {\n  font-size: 1.2rem;\n}\n@media (min-width:550px) {\n  #text-1087678006 {\n    font-size: 1.5rem;\n  }\n}\n@media (min-width:850px) {\n  #text-1087678006 {\n    font-size: 1.8rem;\n  }\n}\n<\/style>\n\t<\/div>\n\t\n\t\t<\/div>\n\t\t\t\t\n<style>\n#col-440271430 > .col-inner {\n  padding: 20px 0px 0px 0px;\n}\n<\/style>\n\t<\/div>\n\n\t\n<\/div>\n\t\t<\/div>\n\n\t\t\n<style>\n#section_818548489 {\n  padding-top: 63px;\n  padding-bottom: 63px;\n}\n#section_818548489 .section-bg-overlay {\n  background-color: rgba(0, 0, 0, 0.3);\n}\n#section_818548489 .section-bg.bg-loaded {\n  background-image: url(https:\/\/esparzadentistry.com\/wp-content\/uploads\/2023\/08\/Contact-Esparza-Dentistry-in-Ontario-CA-scaled.jpg);\n}\n@media (min-width:550px) {\n  #section_818548489 {\n    padding-top: 140px;\n    padding-bottom: 140px;\n  }\n}\n<\/style>\n\t<\/section>\n\t\n\t<section class=\"section\" id=\"section_538383851\">\n\t\t<div class=\"bg section-bg fill bg-fill  bg-loaded\" >\n\n\t\t\t\n\t\t\t\n\t\t\t\n\n\t\t<\/div>\n\n\t\t\n\n\t\t<div class=\"section-content relative\">\n\t\t\t\n<div class=\"row\"  id=\"row-232333842\">\n\n\t<div id=\"col-572077921\" class=\"col small-12 large-12\"  >\n\t\t\t\t<div class=\"col-inner\"  >\n\t\t\t\n\t\t\t\n<div class=\"row align-equal align-center\"  id=\"row-1232894102\">\n\n\t<div id=\"col-2004232823\" class=\"col medium-10 small-12 large-6\"  >\n\t\t\t\t<div class=\"col-inner text-center\"  >\n\t\t\t\n\t\t\t\n<h2><span style=\"text-decoration: underline;\">LLAMAR AHORA<\/span><\/h2>\n<a data-animate=\"bounceIn\" href=\"tel:19092959010\" target=\"_self\" class=\"button secondary is-bevel is-larger\"  >\n  <i class=\"icon-phone\" aria-hidden=\"true\" ><\/i>  <span>(909) 295-9010<\/span>\n  <\/a>\n\n<div class=\"is-divider divider clearfix\" ><\/div>\n<h2><span style=\"text-decoration: underline;\">DIRECCI\u00d3N<\/span><\/h2>\n<h4>213 W G St<br \/>\nSuite B<br \/>\nOntario, CA 91762<\/h4>\n<a href=\"https:\/\/goo.gl\/maps\/s2fUwH9PL9nJSp8bA\" target=\"_self\" class=\"button secondary is-bevel is-larger\"  >\n    <span>C\u00d3MO LLEGAR<\/span>\n  <\/a>\n\n<div class=\"is-divider divider clearfix\" ><\/div>\n<h2><span style=\"text-decoration: underline;\">HORARIO DE OFICINA<\/span><\/h2>\n<h4>Lunes, martes, mi\u00e9rcoles, jueves y viernes:<br \/>\n<span style=\"font-size: 120%;\">9:00 H - 18:00 H<\/span><br \/>\nS\u00e1b-Dom: Cerrado<\/h4>\n\t\t<\/div>\n\t\t\t\t\t<\/div>\n\n\t\n\n\t<div id=\"col-2041943477\" class=\"col medium-10 small-12 large-6\"  >\n\t\t\t\t<div class=\"col-inner text-left dark\" style=\"background-color:#242f73;\" >\n\t\t\t\n\t\t\t\n\n<div class=\"wpcf7 no-js\" id=\"wpcf7-f9-o1\" lang=\"en-US\" dir=\"ltr\" data-wpcf7-id=\"9\">\n<div class=\"screen-reader-response\"><p role=\"status\" aria-live=\"polite\" aria-atomic=\"true\"><\/p> <ul><\/ul><\/div>\n<form action=\"\/es\/wp-json\/wp\/v2\/pages\/35#wpcf7-f9-o1\" method=\"post\" class=\"wpcf7-form init cf7mls-no-scroll cf7mls-no-moving-animation\" aria-label=\"Formulario de contacto\" novalidate=\"novalidate\" data-status=\"init\" data-trp-original-action=\"\/es\/wp-json\/wp\/v2\/pages\/35#wpcf7-f9-o1\">\n<fieldset class=\"hidden-fields-container\"><input type=\"hidden\" name=\"_wpcf7\" value=\"9\" \/><input type=\"hidden\" name=\"_wpcf7_version\" value=\"6.1.5\" \/><input type=\"hidden\" name=\"_wpcf7_locale\" value=\"en_US\" \/><input type=\"hidden\" name=\"_wpcf7_unit_tag\" value=\"wpcf7-f9-o1\" \/><input type=\"hidden\" name=\"_wpcf7_container_post\" value=\"0\" \/><input type=\"hidden\" name=\"_wpcf7_posted_data_hash\" value=\"\" \/><input type=\"hidden\" name=\"_wpcf7cf_hidden_group_fields\" value=\"[]\" \/><input type=\"hidden\" name=\"_wpcf7cf_hidden_groups\" value=\"[]\" \/><input type=\"hidden\" name=\"_wpcf7cf_visible_groups\" value=\"[]\" \/><input type=\"hidden\" name=\"_wpcf7cf_repeaters\" value=\"[]\" \/><input type=\"hidden\" name=\"_wpcf7cf_steps\" value=\"{}\" \/><input type=\"hidden\" name=\"_wpcf7cf_options\" value=\"{&quot;form_id&quot;:9,&quot;conditions&quot;:[],&quot;settings&quot;:{&quot;animation&quot;:&quot;yes&quot;,&quot;animation_intime&quot;:200,&quot;animation_outtime&quot;:200,&quot;conditions_ui&quot;:&quot;normal&quot;,&quot;notice_dismissed&quot;:false,&quot;notice_dismissed_rollback-cf7-5.8&quot;:true}}\" \/>\n<\/fieldset>\n<center>\n\t<h3>CONSULTA GRATUITA SOBRE IMPLANTES\n\t<\/h3>\n<\/center>\n<hr \/>\n<center>\n\t<p><span class=\"wpcf7-form-control-wrap\" data-name=\"your-name\"><input size=\"40\" maxlength=\"400\" class=\"wpcf7-form-control wpcf7-text wpcf7-validates-as-required\" aria-required=\"true\" aria-invalid=\"false\" placeholder=\"Nombre\" value=\"\" type=\"text\" name=\"your-name\" \/><\/span>\n\t<\/p>\n\t<p><span class=\"wpcf7-form-control-wrap\" data-name=\"your-email\"><input size=\"40\" maxlength=\"400\" class=\"wpcf7-form-control wpcf7-email wpcf7-validates-as-required wpcf7-text wpcf7-validates-as-email\" aria-required=\"true\" aria-invalid=\"false\" placeholder=\"Correo electr\u00f3nico\" value=\"\" type=\"email\" name=\"your-email\" \/><\/span>\n\t<\/p>\n\t<p><span class=\"wpcf7-form-control-wrap\" data-name=\"tel-545\"><input size=\"40\" maxlength=\"400\" class=\"wpcf7-form-control wpcf7-tel wpcf7-text wpcf7-validates-as-tel\" aria-invalid=\"false\" placeholder=\"N\u00famero de tel\u00e9fono\" value=\"\" type=\"tel\" name=\"tel-545\" \/><\/span>\n\t<\/p>\n\t<p><span class=\"wpcf7-form-control-wrap\" data-name=\"your-message\"><textarea cols=\"40\" rows=\"10\" maxlength=\"2000\" class=\"wpcf7-form-control wpcf7-textarea\" aria-invalid=\"false\" placeholder=\"\u00bfC\u00f3mo podemos ayudarle?\" name=\"your-message\"><\/textarea><\/span>\n\t<\/p>\n\t<p><input class=\"wpcf7-form-control wpcf7-submit has-spinner button\" type=\"submit\" value=\"Enviar solicitud\" \/>\n\t<\/p>\n<\/center><input\n                    class=\"apbct_special_field apbct_email_id__wp_contact_form_7\"\n                    name=\"apbct__email_id__wp_contact_form_7\"\n                    aria-label=\"apbct__label_id__wp_contact_form_7\"\n                    type=\"text\" size=\"30\" maxlength=\"200\" autocomplete=\"off\"\n                    value=\"\"\n                \/><div class=\"wpcf7-response-output\" aria-hidden=\"true\"><\/div>\n<input type=\"hidden\" name=\"trp-form-language\" value=\"es\"\/><\/form>\n<\/div>\n\n\t\t<\/div>\n\t\t\t\t\t<\/div>\n\n\t\n\n\t<div id=\"col-1107601877\" class=\"col small-12 large-12\"  >\n\t\t\t\t<div class=\"col-inner text-left\"  >\n\t\t\t\n\t\t\t\n\t\t<div class=\"hidden\">\n\t\t\t\t\n<p><iframe loading=\"lazy\" style=\"border: 0;\" src=\"https:\/\/www.google.com\/maps\/embed?pb=!1m18!1m12!1m3!1d3304.96306288097!2d-117.65549892378085!3d34.07046111676724!2m3!1f0!2f0!3f0!3m2!1i1024!2i768!4f13.1!3m3!1m2!1s0x80c3338d4996d115%3A0xf8293507a755bb72!2sEsparza%20Dentistry!5e0!3m2!1sen!2sus!4v1693441845286!5m2!1sen!2sus\" width=\"100%\" height=\"350\" allowfullscreen=\"allowfullscreen\"><\/iframe><br \/>\n\t\t<\/div>\n\t\n\t\t<\/div>\n\t\t\t\t\t<\/div>\n\n\t\n\n<style>\n#row-1232894102 > .col > .col-inner {\n  padding: 40px 40px 40px 40px;\n  background-color: rgb(255,255,255);\n}\n<\/style>\n<\/div>\n\t\t<\/div>\n\t\t\t\t\n<style>\n#col-572077921 > .col-inner {\n  margin: -100px 0px 0px 0px;\n}\n<\/style>\n\t<\/div>\n\n\t\n<\/div>\n\t\t<\/div>\n\n\t\t\n<style>\n#section_538383851 {\n  padding-top: 30px;\n  padding-bottom: 30px;\n  background-color: rgb(244, 244, 244);\n}\n<\/style>\n\t<\/section>","protected":false},"excerpt":{"rendered":"","protected":false},"author":4,"featured_media":1029,"parent":0,"menu_order":0,"comment_status":"closed","ping_status":"closed","template":"page-blank.php","meta":{"rop_custom_images_group":[],"rop_custom_messages_group":[],"rop_publish_now":"initial","rop_publish_now_accounts":{"gmb_109265489736877664202_accounts\/109265489736877664202\/locations\/18367991182881587991":"","twitter_1748393983296847872_1748393983296847872":"","gmb_109265489736877664202_accounts\/109265489736877664202\/locations\/16305721083875711159":"","gmb_109265489736877664202_accounts\/109265489736877664202\/locations\/8037009448712879410":"","gmb_109265489736877664202_accounts\/109265489736877664202\/locations\/5630056844103406227":""},"rop_publish_now_history":[],"rop_publish_now_status":"pending","footnotes":""},"class_list":["post-35","page","type-page","status-publish","has-post-thumbnail","hentry"],"yoast_head":"<!-- This site is optimized with the Yoast SEO plugin v27.3 - https:\/\/yoast.com\/product\/yoast-seo-wordpress\/ -->\n<title>Contact Us | Dentistry in Ontario, CA | Esparza Dentistry<\/title>\n<meta name=\"description\" content=\"Request a free consultation at Esparza Dentistry and let us help you achieve the healthy and beautiful smile you deserve.\" \/>\n<meta name=\"robots\" content=\"index, follow, max-snippet:-1, max-image-preview:large, max-video-preview:-1\" \/>\n<link rel=\"canonical\" href=\"https:\/\/esparzadentistry.com\/es\/contacto\/\" \/>\n<meta property=\"og:locale\" content=\"es_MX\" \/>\n<meta property=\"og:type\" content=\"article\" \/>\n<meta property=\"og:title\" content=\"Contact Us | Dentistry in Ontario, CA | Esparza Dentistry\" \/>\n<meta property=\"og:description\" content=\"Request a free consultation at Esparza Dentistry and let us help you achieve the healthy and beautiful smile you deserve.\" \/>\n<meta property=\"og:url\" content=\"https:\/\/esparzadentistry.com\/es\/contacto\/\" \/>\n<meta property=\"og:site_name\" content=\"Esparza Dentistry\" \/>\n<meta property=\"article:publisher\" content=\"https:\/\/www.facebook.com\/esparzadentistry\/\" \/>\n<meta property=\"article:modified_time\" content=\"2026-03-14T01:23:16+00:00\" \/>\n<meta property=\"og:image\" content=\"https:\/\/esparzadentistry.com\/wp-content\/uploads\/2023\/08\/Home-Cosmetic-Dentistry-in-Ontario-CA-Esparza-Dentistry.png\" \/>\n\t<meta property=\"og:image:width\" content=\"436\" \/>\n\t<meta property=\"og:image:height\" content=\"437\" \/>\n\t<meta property=\"og:image:type\" content=\"image\/png\" \/>\n<meta name=\"twitter:card\" content=\"summary_large_image\" \/>\n<meta name=\"twitter:label1\" content=\"Tiempo de lectura\" \/>\n\t<meta name=\"twitter:data1\" content=\"1 minuto\" \/>\n<script type=\"application\/ld+json\" class=\"yoast-schema-graph\">{\"@context\":\"https:\\\/\\\/schema.org\",\"@graph\":[{\"@type\":\"WebPage\",\"@id\":\"https:\\\/\\\/esparzadentistry.com\\\/contact-us\\\/\",\"url\":\"https:\\\/\\\/esparzadentistry.com\\\/contact-us\\\/\",\"name\":\"Contact Us | Dentistry in Ontario, CA | Esparza Dentistry\",\"isPartOf\":{\"@id\":\"https:\\\/\\\/esparzadentistry.com\\\/#website\"},\"primaryImageOfPage\":{\"@id\":\"https:\\\/\\\/esparzadentistry.com\\\/contact-us\\\/#primaryimage\"},\"image\":{\"@id\":\"https:\\\/\\\/esparzadentistry.com\\\/contact-us\\\/#primaryimage\"},\"thumbnailUrl\":\"https:\\\/\\\/esparzadentistry.com\\\/wp-content\\\/uploads\\\/2023\\\/08\\\/Home-Cosmetic-Dentistry-in-Ontario-CA-Esparza-Dentistry.png\",\"datePublished\":\"2022-06-22T05:00:58+00:00\",\"dateModified\":\"2026-03-14T01:23:16+00:00\",\"description\":\"Request a free consultation at Esparza Dentistry and let us help you achieve the healthy and beautiful smile you deserve.\",\"breadcrumb\":{\"@id\":\"https:\\\/\\\/esparzadentistry.com\\\/contact-us\\\/#breadcrumb\"},\"inLanguage\":\"es\",\"potentialAction\":[{\"@type\":\"ReadAction\",\"target\":[\"https:\\\/\\\/esparzadentistry.com\\\/contact-us\\\/\"]}]},{\"@type\":\"ImageObject\",\"inLanguage\":\"es\",\"@id\":\"https:\\\/\\\/esparzadentistry.com\\\/contact-us\\\/#primaryimage\",\"url\":\"https:\\\/\\\/esparzadentistry.com\\\/wp-content\\\/uploads\\\/2023\\\/08\\\/Home-Cosmetic-Dentistry-in-Ontario-CA-Esparza-Dentistry.png\",\"contentUrl\":\"https:\\\/\\\/esparzadentistry.com\\\/wp-content\\\/uploads\\\/2023\\\/08\\\/Home-Cosmetic-Dentistry-in-Ontario-CA-Esparza-Dentistry.png\",\"width\":436,\"height\":437,\"caption\":\"Home Cosmetic Dentistry in Ontario, CA Esparza Dentistry\"},{\"@type\":\"BreadcrumbList\",\"@id\":\"https:\\\/\\\/esparzadentistry.com\\\/contact-us\\\/#breadcrumb\",\"itemListElement\":[{\"@type\":\"ListItem\",\"position\":1,\"name\":\"Home\",\"item\":\"https:\\\/\\\/esparzadentistry.com\\\/\"},{\"@type\":\"ListItem\",\"position\":2,\"name\":\"Contact Us\"}]},{\"@type\":\"WebSite\",\"@id\":\"https:\\\/\\\/esparzadentistry.com\\\/#website\",\"url\":\"https:\\\/\\\/esparzadentistry.com\\\/\",\"name\":\"Esparza Dentistry\",\"description\":\"Cosmetic, Restorative &amp; Implant Dentistry in Chino, CA\",\"publisher\":{\"@id\":\"https:\\\/\\\/esparzadentistry.com\\\/#organization\"},\"potentialAction\":[{\"@type\":\"SearchAction\",\"target\":{\"@type\":\"EntryPoint\",\"urlTemplate\":\"https:\\\/\\\/esparzadentistry.com\\\/?s={search_term_string}\"},\"query-input\":{\"@type\":\"PropertyValueSpecification\",\"valueRequired\":true,\"valueName\":\"search_term_string\"}}],\"inLanguage\":\"es\"},{\"@type\":\"Organization\",\"@id\":\"https:\\\/\\\/esparzadentistry.com\\\/#organization\",\"name\":\"Esparza Dentistry\",\"url\":\"https:\\\/\\\/esparzadentistry.com\\\/\",\"logo\":{\"@type\":\"ImageObject\",\"inLanguage\":\"es\",\"@id\":\"https:\\\/\\\/esparzadentistry.com\\\/#\\\/schema\\\/logo\\\/image\\\/\",\"url\":\"https:\\\/\\\/esparzadentistry.com\\\/wp-content\\\/uploads\\\/2023\\\/08\\\/Home-Cosmetic-Dentistry-in-Ontario-CA-Esparza-Dentistry.png\",\"contentUrl\":\"https:\\\/\\\/esparzadentistry.com\\\/wp-content\\\/uploads\\\/2023\\\/08\\\/Home-Cosmetic-Dentistry-in-Ontario-CA-Esparza-Dentistry.png\",\"width\":436,\"height\":437,\"caption\":\"Esparza Dentistry\"},\"image\":{\"@id\":\"https:\\\/\\\/esparzadentistry.com\\\/#\\\/schema\\\/logo\\\/image\\\/\"},\"sameAs\":[\"https:\\\/\\\/www.facebook.com\\\/esparzadentistry\\\/\",\"https:\\\/\\\/www.youtube.com\\\/@esparzadentistry3427\"]}]}<\/script>\n<!-- \/ Yoast SEO plugin. -->","yoast_head_json":{"title":"Cont\u00e1ctenos | Odontolog\u00eda en Ontario, CA | Odontolog\u00eda Esparza","description":"Solicite una consulta gratuita en Odontolog\u00eda Esparza y perm\u00edtanos ayudarle a conseguir la sonrisa sana y bonita que se merece.","robots":{"index":"index","follow":"follow","max-snippet":"max-snippet:-1","max-image-preview":"max-image-preview:large","max-video-preview":"max-video-preview:-1"},"canonical":"https:\/\/esparzadentistry.com\/es\/contacto\/","og_locale":"es_MX","og_type":"article","og_title":"Contact Us | Dentistry in Ontario, CA | Esparza Dentistry","og_description":"Request a free consultation at Esparza Dentistry and let us help you achieve the healthy and beautiful smile you deserve.","og_url":"https:\/\/esparzadentistry.com\/es\/contacto\/","og_site_name":"Esparza Dentistry","article_publisher":"https:\/\/www.facebook.com\/esparzadentistry\/","article_modified_time":"2026-03-14T01:23:16+00:00","og_image":[{"width":436,"height":437,"url":"https:\/\/esparzadentistry.com\/wp-content\/uploads\/2023\/08\/Home-Cosmetic-Dentistry-in-Ontario-CA-Esparza-Dentistry.png","type":"image\/png"}],"twitter_card":"summary_large_image","twitter_misc":{"Tiempo de lectura":"1 minuto"},"schema":{"@context":"https:\/\/schema.org","@graph":[{"@type":"WebPage","@id":"https:\/\/esparzadentistry.com\/contact-us\/","url":"https:\/\/esparzadentistry.com\/contact-us\/","name":"Cont\u00e1ctenos | Odontolog\u00eda en Ontario, CA | Odontolog\u00eda Esparza","isPartOf":{"@id":"https:\/\/esparzadentistry.com\/#website"},"primaryImageOfPage":{"@id":"https:\/\/esparzadentistry.com\/contact-us\/#primaryimage"},"image":{"@id":"https:\/\/esparzadentistry.com\/contact-us\/#primaryimage"},"thumbnailUrl":"https:\/\/esparzadentistry.com\/wp-content\/uploads\/2023\/08\/Home-Cosmetic-Dentistry-in-Ontario-CA-Esparza-Dentistry.png","datePublished":"2022-06-22T05:00:58+00:00","dateModified":"2026-03-14T01:23:16+00:00","description":"Solicite una consulta gratuita en Odontolog\u00eda Esparza y perm\u00edtanos ayudarle a conseguir la sonrisa sana y bonita que se merece.","breadcrumb":{"@id":"https:\/\/esparzadentistry.com\/contact-us\/#breadcrumb"},"inLanguage":"es","potentialAction":[{"@type":"ReadAction","target":["https:\/\/esparzadentistry.com\/contact-us\/"]}]},{"@type":"ImageObject","inLanguage":"es","@id":"https:\/\/esparzadentistry.com\/contact-us\/#primaryimage","url":"https:\/\/esparzadentistry.com\/wp-content\/uploads\/2023\/08\/Home-Cosmetic-Dentistry-in-Ontario-CA-Esparza-Dentistry.png","contentUrl":"https:\/\/esparzadentistry.com\/wp-content\/uploads\/2023\/08\/Home-Cosmetic-Dentistry-in-Ontario-CA-Esparza-Dentistry.png","width":436,"height":437,"caption":"Home Cosmetic Dentistry in Ontario, CA Esparza Dentistry"},{"@type":"BreadcrumbList","@id":"https:\/\/esparzadentistry.com\/contact-us\/#breadcrumb","itemListElement":[{"@type":"ListItem","position":1,"name":"Home","item":"https:\/\/esparzadentistry.com\/"},{"@type":"ListItem","position":2,"name":"Contact Us"}]},{"@type":"WebSite","@id":"https:\/\/esparzadentistry.com\/#website","url":"https:\/\/esparzadentistry.com\/","name":"Odontolog\u00eda Esparza","description":"Odontolog\u00eda Cosm\u00e9tica, Restaurativa y de Implantes en Chino, CA","publisher":{"@id":"https:\/\/esparzadentistry.com\/#organization"},"potentialAction":[{"@type":"SearchAction","target":{"@type":"EntryPoint","urlTemplate":"https:\/\/esparzadentistry.com\/?s={search_term_string}"},"query-input":{"@type":"PropertyValueSpecification","valueRequired":true,"valueName":"search_term_string"}}],"inLanguage":"es"},{"@type":"Organization","@id":"https:\/\/esparzadentistry.com\/#organization","name":"Odontolog\u00eda Esparza","url":"https:\/\/esparzadentistry.com\/","logo":{"@type":"ImageObject","inLanguage":"es","@id":"https:\/\/esparzadentistry.com\/#\/schema\/logo\/image\/","url":"https:\/\/esparzadentistry.com\/wp-content\/uploads\/2023\/08\/Home-Cosmetic-Dentistry-in-Ontario-CA-Esparza-Dentistry.png","contentUrl":"https:\/\/esparzadentistry.com\/wp-content\/uploads\/2023\/08\/Home-Cosmetic-Dentistry-in-Ontario-CA-Esparza-Dentistry.png","width":436,"height":437,"caption":"Esparza Dentistry"},"image":{"@id":"https:\/\/esparzadentistry.com\/#\/schema\/logo\/image\/"},"sameAs":["https:\/\/www.facebook.com\/esparzadentistry\/","https:\/\/www.youtube.com\/@esparzadentistry3427"]}]}},"_links":{"self":[{"href":"https:\/\/esparzadentistry.com\/es\/wp-json\/wp\/v2\/pages\/35","targetHints":{"allow":["GET"]}}],"collection":[{"href":"https:\/\/esparzadentistry.com\/es\/wp-json\/wp\/v2\/pages"}],"about":[{"href":"https:\/\/esparzadentistry.com\/es\/wp-json\/wp\/v2\/types\/page"}],"author":[{"embeddable":true,"href":"https:\/\/esparzadentistry.com\/es\/wp-json\/wp\/v2\/users\/4"}],"replies":[{"embeddable":true,"href":"https:\/\/esparzadentistry.com\/es\/wp-json\/wp\/v2\/comments?post=35"}],"version-history":[{"count":3,"href":"https:\/\/esparzadentistry.com\/es\/wp-json\/wp\/v2\/pages\/35\/revisions"}],"predecessor-version":[{"id":29680,"href":"https:\/\/esparzadentistry.com\/es\/wp-json\/wp\/v2\/pages\/35\/revisions\/29680"}],"wp:featuredmedia":[{"embeddable":true,"href":"https:\/\/esparzadentistry.com\/es\/wp-json\/wp\/v2\/media\/1029"}],"wp:attachment":[{"href":"https:\/\/esparzadentistry.com\/es\/wp-json\/wp\/v2\/media?parent=35"}],"curies":[{"name":"wp","href":"https:\/\/api.w.org\/{rel}","templated":true}]}}