{"id":314,"date":"2023-05-18T16:05:06","date_gmt":"2023-05-18T20:05:06","guid":{"rendered":"https:\/\/esparza.wpengine.com\/?page_id=314"},"modified":"2023-05-18T16:05:28","modified_gmt":"2023-05-18T20:05:28","slug":"thank-you","status":"publish","type":"page","link":"https:\/\/esparzadentistry.com\/es\/gracias\/","title":{"rendered":"Gracias"},"content":{"rendered":"<h1 style=\"text-align: center;\">Gracias por ponerse en contacto con nosotros<\/h1>\n<p class=\"lead\" style=\"text-align: center;\">Hemos recibido su env\u00edo y nos pondremos en contacto con usted lo antes posible.<\/p>\n<p class=\"lead\" style=\"text-align: center;\" data-ctm-watch-id=\"3\" data-ctm-tracked=\"1\" data-observe=\"1\" data-observer-id=\"1\" data-ctm-remark=\"1\">Si necesita asistencia inmediata, llame a la oficina para hablar con alguien ahora.<\/p>\n<p class=\"lead\" style=\"text-align: center;\">Estamos deseando sonre\u00edrle.<\/p>","protected":false},"excerpt":{"rendered":"<p>Gracias por ponerse en contacto con nosotros Hemos recibido su env\u00edo y nos pondremos en contacto con usted lo antes posible. Si necesita asistencia inmediata, llame a la oficina para hablar con alguien ahora. \u00a1Esperamos poner una sonrisa en su cara!<\/p>","protected":false},"author":4,"featured_media":0,"parent":0,"menu_order":0,"comment_status":"closed","ping_status":"closed","template":"","meta":{"rop_custom_images_group":[],"rop_custom_messages_group":[],"rop_publish_now":"initial","rop_publish_now_accounts":{"gmb_109265489736877664202_accounts\/109265489736877664202\/locations\/18367991182881587991":"","twitter_1748393983296847872_1748393983296847872":"","gmb_109265489736877664202_accounts\/109265489736877664202\/locations\/16305721083875711159":"","gmb_109265489736877664202_accounts\/109265489736877664202\/locations\/8037009448712879410":"","gmb_109265489736877664202_accounts\/109265489736877664202\/locations\/5630056844103406227":""},"rop_publish_now_history":[],"rop_publish_now_status":"pending","footnotes":""},"class_list":["post-314","page","type-page","status-publish","hentry"],"yoast_head":"<!-- This site is optimized with the Yoast SEO plugin v27.4 - https:\/\/yoast.com\/product\/yoast-seo-wordpress\/ -->\n<title>Thank You | Esparza Dentistry<\/title>\n<meta name=\"robots\" content=\"index, follow, max-snippet:-1, max-image-preview:large, max-video-preview:-1\" \/>\n<link rel=\"canonical\" href=\"https:\/\/esparzadentistry.com\/es\/gracias\/\" \/>\n<meta property=\"og:locale\" content=\"es_MX\" \/>\n<meta property=\"og:type\" content=\"article\" \/>\n<meta property=\"og:title\" content=\"Thank You | Esparza Dentistry\" \/>\n<meta property=\"og:description\" content=\"Thank you for contacting us We have received your submission and will contact you as soon as possible. If you require immediate assistance, please call the office to speak with someone now. We look forward to putting a smile on your face!\" \/>\n<meta property=\"og:url\" content=\"https:\/\/esparzadentistry.com\/es\/gracias\/\" \/>\n<meta property=\"og:site_name\" content=\"Esparza Dentistry\" \/>\n<meta property=\"article:publisher\" content=\"https:\/\/www.facebook.com\/esparzadentistry\/\" \/>\n<meta property=\"article:modified_time\" content=\"2023-05-18T20:05:28+00:00\" \/>\n<meta name=\"twitter:card\" content=\"summary_large_image\" \/>\n<script type=\"application\/ld+json\" class=\"yoast-schema-graph\">{\"@context\":\"https:\\\/\\\/schema.org\",\"@graph\":[{\"@type\":\"WebPage\",\"@id\":\"https:\\\/\\\/esparzadentistry.com\\\/thank-you\\\/\",\"url\":\"https:\\\/\\\/esparzadentistry.com\\\/thank-you\\\/\",\"name\":\"Thank You | Esparza Dentistry\",\"isPartOf\":{\"@id\":\"https:\\\/\\\/esparzadentistry.com\\\/#website\"},\"datePublished\":\"2023-05-18T20:05:06+00:00\",\"dateModified\":\"2023-05-18T20:05:28+00:00\",\"breadcrumb\":{\"@id\":\"https:\\\/\\\/esparzadentistry.com\\\/thank-you\\\/#breadcrumb\"},\"inLanguage\":\"es\",\"potentialAction\":[{\"@type\":\"ReadAction\",\"target\":[\"https:\\\/\\\/esparzadentistry.com\\\/thank-you\\\/\"]}]},{\"@type\":\"BreadcrumbList\",\"@id\":\"https:\\\/\\\/esparzadentistry.com\\\/thank-you\\\/#breadcrumb\",\"itemListElement\":[{\"@type\":\"ListItem\",\"position\":1,\"name\":\"Home\",\"item\":\"https:\\\/\\\/esparzadentistry.com\\\/\"},{\"@type\":\"ListItem\",\"position\":2,\"name\":\"Thank You\"}]},{\"@type\":\"WebSite\",\"@id\":\"https:\\\/\\\/esparzadentistry.com\\\/#website\",\"url\":\"https:\\\/\\\/esparzadentistry.com\\\/\",\"name\":\"Esparza Dentistry\",\"description\":\"Cosmetic, Restorative &amp; Implant Dentistry in Chino, CA\",\"publisher\":{\"@id\":\"https:\\\/\\\/esparzadentistry.com\\\/#organization\"},\"potentialAction\":[{\"@type\":\"SearchAction\",\"target\":{\"@type\":\"EntryPoint\",\"urlTemplate\":\"https:\\\/\\\/esparzadentistry.com\\\/?s={search_term_string}\"},\"query-input\":{\"@type\":\"PropertyValueSpecification\",\"valueRequired\":true,\"valueName\":\"search_term_string\"}}],\"inLanguage\":\"es\"},{\"@type\":\"Organization\",\"@id\":\"https:\\\/\\\/esparzadentistry.com\\\/#organization\",\"name\":\"Esparza Dentistry\",\"url\":\"https:\\\/\\\/esparzadentistry.com\\\/\",\"logo\":{\"@type\":\"ImageObject\",\"inLanguage\":\"es\",\"@id\":\"https:\\\/\\\/esparzadentistry.com\\\/#\\\/schema\\\/logo\\\/image\\\/\",\"url\":\"https:\\\/\\\/esparzadentistry.com\\\/wp-content\\\/uploads\\\/2023\\\/08\\\/Home-Cosmetic-Dentistry-in-Ontario-CA-Esparza-Dentistry.png\",\"contentUrl\":\"https:\\\/\\\/esparzadentistry.com\\\/wp-content\\\/uploads\\\/2023\\\/08\\\/Home-Cosmetic-Dentistry-in-Ontario-CA-Esparza-Dentistry.png\",\"width\":436,\"height\":437,\"caption\":\"Esparza Dentistry\"},\"image\":{\"@id\":\"https:\\\/\\\/esparzadentistry.com\\\/#\\\/schema\\\/logo\\\/image\\\/\"},\"sameAs\":[\"https:\\\/\\\/www.facebook.com\\\/esparzadentistry\\\/\",\"https:\\\/\\\/www.youtube.com\\\/@esparzadentistry3427\"]}]}<\/script>\n<!-- \/ Yoast SEO plugin. -->","yoast_head_json":{"title":"Gracias | Odontolog\u00eda Esparza","robots":{"index":"index","follow":"follow","max-snippet":"max-snippet:-1","max-image-preview":"max-image-preview:large","max-video-preview":"max-video-preview:-1"},"canonical":"https:\/\/esparzadentistry.com\/es\/gracias\/","og_locale":"es_MX","og_type":"article","og_title":"Thank You | Esparza Dentistry","og_description":"Thank you for contacting us We have received your submission and will contact you as soon as possible. If you require immediate assistance, please call the office to speak with someone now. We look forward to putting a smile on your face!","og_url":"https:\/\/esparzadentistry.com\/es\/gracias\/","og_site_name":"Esparza Dentistry","article_publisher":"https:\/\/www.facebook.com\/esparzadentistry\/","article_modified_time":"2023-05-18T20:05:28+00:00","twitter_card":"summary_large_image","schema":{"@context":"https:\/\/schema.org","@graph":[{"@type":"WebPage","@id":"https:\/\/esparzadentistry.com\/thank-you\/","url":"https:\/\/esparzadentistry.com\/thank-you\/","name":"Gracias | Odontolog\u00eda Esparza","isPartOf":{"@id":"https:\/\/esparzadentistry.com\/#website"},"datePublished":"2023-05-18T20:05:06+00:00","dateModified":"2023-05-18T20:05:28+00:00","breadcrumb":{"@id":"https:\/\/esparzadentistry.com\/thank-you\/#breadcrumb"},"inLanguage":"es","potentialAction":[{"@type":"ReadAction","target":["https:\/\/esparzadentistry.com\/thank-you\/"]}]},{"@type":"BreadcrumbList","@id":"https:\/\/esparzadentistry.com\/thank-you\/#breadcrumb","itemListElement":[{"@type":"ListItem","position":1,"name":"Home","item":"https:\/\/esparzadentistry.com\/"},{"@type":"ListItem","position":2,"name":"Thank You"}]},{"@type":"WebSite","@id":"https:\/\/esparzadentistry.com\/#website","url":"https:\/\/esparzadentistry.com\/","name":"Odontolog\u00eda Esparza","description":"Odontolog\u00eda Cosm\u00e9tica, Restaurativa y de Implantes en Chino, CA","publisher":{"@id":"https:\/\/esparzadentistry.com\/#organization"},"potentialAction":[{"@type":"SearchAction","target":{"@type":"EntryPoint","urlTemplate":"https:\/\/esparzadentistry.com\/?s={search_term_string}"},"query-input":{"@type":"PropertyValueSpecification","valueRequired":true,"valueName":"search_term_string"}}],"inLanguage":"es"},{"@type":"Organization","@id":"https:\/\/esparzadentistry.com\/#organization","name":"Odontolog\u00eda Esparza","url":"https:\/\/esparzadentistry.com\/","logo":{"@type":"ImageObject","inLanguage":"es","@id":"https:\/\/esparzadentistry.com\/#\/schema\/logo\/image\/","url":"https:\/\/esparzadentistry.com\/wp-content\/uploads\/2023\/08\/Home-Cosmetic-Dentistry-in-Ontario-CA-Esparza-Dentistry.png","contentUrl":"https:\/\/esparzadentistry.com\/wp-content\/uploads\/2023\/08\/Home-Cosmetic-Dentistry-in-Ontario-CA-Esparza-Dentistry.png","width":436,"height":437,"caption":"Esparza Dentistry"},"image":{"@id":"https:\/\/esparzadentistry.com\/#\/schema\/logo\/image\/"},"sameAs":["https:\/\/www.facebook.com\/esparzadentistry\/","https:\/\/www.youtube.com\/@esparzadentistry3427"]}]}},"_links":{"self":[{"href":"https:\/\/esparzadentistry.com\/es\/wp-json\/wp\/v2\/pages\/314","targetHints":{"allow":["GET"]}}],"collection":[{"href":"https:\/\/esparzadentistry.com\/es\/wp-json\/wp\/v2\/pages"}],"about":[{"href":"https:\/\/esparzadentistry.com\/es\/wp-json\/wp\/v2\/types\/page"}],"author":[{"embeddable":true,"href":"https:\/\/esparzadentistry.com\/es\/wp-json\/wp\/v2\/users\/4"}],"replies":[{"embeddable":true,"href":"https:\/\/esparzadentistry.com\/es\/wp-json\/wp\/v2\/comments?post=314"}],"version-history":[{"count":0,"href":"https:\/\/esparzadentistry.com\/es\/wp-json\/wp\/v2\/pages\/314\/revisions"}],"wp:attachment":[{"href":"https:\/\/esparzadentistry.com\/es\/wp-json\/wp\/v2\/media?parent=314"}],"curies":[{"name":"wp","href":"https:\/\/api.w.org\/{rel}","templated":true}]}}